{"id":13,"date":"2020-03-07T07:53:01","date_gmt":"2020-03-07T07:53:01","guid":{"rendered":"http:\/\/pecunia-steuerberatung.de\/?page_id=13"},"modified":"2026-02-20T12:48:11","modified_gmt":"2026-02-20T11:48:11","slug":"impressum","status":"publish","type":"page","link":"https:\/\/pecunia-steuerberatung.de\/?page_id=13","title":{"rendered":"Impressum"},"content":{"rendered":"\n<p style=\"font-size:14px\"><strong>Pecunia Treuhand<\/strong><br>\nSteuerberatungsgesellschaft GmbH<br>\nWilhelm-von-Diez-Str.2a<br>\n85435 Erding<\/p>\n\n\n\n<p style=\"font-size:14px\">Tel: 08122\/55 98 33<br>\nFax: 08122\/55 98 30<\/p>\n\n\n\n<p style=\"font-size:14px\">Email: info@pecunia-steuerberatung.de<\/p>\n\n\n\n<p style=\"font-size:14px\">Steuernummer: 114\/135\/10033<\/p>\n\n\n\n<p style=\"font-size:14px\">eingetragen Amtsgericht M\u00fcnchen: HRB 119538<\/p>\n\n\n\n<p style=\"font-size:14px\">Datenschutzbeauftragter:&nbsp;Matthias Harvey Treff, Wallbergstr. 3, 82024 Taufkirchen, Tel.: 089\/95898-145, Datenschutzbeauftragter@tresec.de<\/p>\n\n\n\n<p style=\"font-size:14px\">Wir sind Mitglied der Steuerberaterkammer M\u00fcnchen,Nederlingerstr. 9<br> 80638 M\u00fcnchen und&nbsp;bei der Datev eG, N\u00fcrnberg. Es gelten folgende berufsrechtliche Regelungen: Steuerberatungsgesetz (StBerG), Durchf\u00fchrungsverordnung zum Steuerberatungsgesetz (DVStB), Berufsordnung (BOStB), Steuerberaterverg\u00fctungsverordnung (StBVV).&nbsp;<br> Die berufsrechtlichen Regeln k\u00f6nnen unter&nbsp;<a href=\"https:\/\/www.steuerberaterkammer-muenchen.de\/\" target=\"_blank\" rel=\"noreferrer noopener\">https:\/\/www.steuerberaterkammer-muenchen.de<\/a>&nbsp;oder <a href=\"http:\/\/www.bstbk.de\/\" target=\"_blank\" rel=\"noreferrer noopener\">www.bstbk.de<\/a> eingesehen werden.<\/p>\n\n\n\n<p style=\"font-size:14px\">Die Verm\u00f6gensschadenhaftplichtversicherung wurde bei der Continentale Sachversicherung AG, Versicherungs-Nr. 551917218 abgeschlossen.<\/p>\n\n\n\n<p style=\"font-size:14px\">Streitschlichtung:\u00a0Die Europ\u00e4ische Kommission stellt eine Plattform zur Online-Streitbeilegung (OS) bereit:\u00a0<a href=\"https:\/\/ec.europa.eu\/consumers\/odr\" target=\"_blank\" rel=\"noreferrer noopener\">https:\/\/consumer-<\/a><a href=\"https:\/\/consumer-redress.ec.europa.eu\/index_de\" target=\"_blank\" rel=\"noreferrer noopener\">redress.ec.europa.eu\/index_de<\/a>.<br> Unsere E-Mail-Adresse finden Sie oben im Impressum.<br> Wir sind nicht bereit oder verpflichtet, an Streitbeilegungsverfahren vor einer Verbraucherschlichtungsstelle teilzunehmen.<\/p>\n\n\n\n<p style=\"font-size:14px\">F\u00fcr den Inhalt verantwortlich:<\/p>\n\n\n\n<p style=\"font-size:14px\">Karin Schnappauf, Steuerberaterin, Gesellschafter-Gesch\u00e4ftsf\u00fchrerin<\/p>\n","protected":false},"excerpt":{"rendered":"<p>Pecunia Treuhand Steuerberatungsgesellschaft GmbH Wilhelm-von-Diez-Str.2a 85435 Erding Tel: 08122\/55 98 33 Fax: 08122\/55 98 30 Email: info@pecunia-steuerberatung.de Steuernummer: 114\/135\/10033 eingetragen<\/p>\n","protected":false},"author":1,"featured_media":0,"parent":0,"menu_order":0,"comment_status":"closed","ping_status":"closed","template":"template-fullwidth.php","meta":{"footnotes":""},"_links":{"self":[{"href":"https:\/\/pecunia-steuerberatung.de\/index.php?rest_route=\/wp\/v2\/pages\/13"}],"collection":[{"href":"https:\/\/pecunia-steuerberatung.de\/index.php?rest_route=\/wp\/v2\/pages"}],"about":[{"href":"https:\/\/pecunia-steuerberatung.de\/index.php?rest_route=\/wp\/v2\/types\/page"}],"author":[{"embeddable":true,"href":"https:\/\/pecunia-steuerberatung.de\/index.php?rest_route=\/wp\/v2\/users\/1"}],"replies":[{"embeddable":true,"href":"https:\/\/pecunia-steuerberatung.de\/index.php?rest_route=%2Fwp%2Fv2%2Fcomments&post=13"}],"version-history":[{"count":11,"href":"https:\/\/pecunia-steuerberatung.de\/index.php?rest_route=\/wp\/v2\/pages\/13\/revisions"}],"predecessor-version":[{"id":269,"href":"https:\/\/pecunia-steuerberatung.de\/index.php?rest_route=\/wp\/v2\/pages\/13\/revisions\/269"}],"wp:attachment":[{"href":"https:\/\/pecunia-steuerberatung.de\/index.php?rest_route=%2Fwp%2Fv2%2Fmedia&parent=13"}],"curies":[{"name":"wp","href":"https:\/\/api.w.org\/{rel}","templated":true}]}}